{"id":92,"date":"2012-02-08T14:08:02","date_gmt":"2012-02-08T13:08:02","guid":{"rendered":"http:\/\/www.evenhausen.de\/?page_id=92"},"modified":"2025-11-11T23:47:30","modified_gmt":"2025-11-11T22:47:30","slug":"landjugend-kljb","status":"publish","type":"page","link":"https:\/\/www.evenhausen.de\/?page_id=92","title":{"rendered":"KLJB Evenhausen"},"content":{"rendered":"<p>besteht aus derzeit 103 Mitgliedern aus Evenhausen und den umliegenden Ortschaften und planen und veranstalten \u00fcber das gesamte Jahr hinweg zahlreiche Aktivit\u00e4ten und Ausfl\u00fcge.<\/p>\n<table style=\"background-color: #f5f5f5; width: 638px; height: 69px;\" border=\"0\">\n<tbody>\n<tr>\n<th valign=\"top\">Anschrift:<\/th>\n<td style=\"border-width: medium; border-style: none; -moz-border-top-colors: none; -moz-border-right-colors: none; -moz-border-bottom-colors: none; -moz-border-left-colors: none; -moz-border-image: none;\">Evenhausen<br \/>\nChiemgaustr. 26<br \/>\n83123 Amerang<\/td>\n<\/tr>\n<tr>\n<th valign=\"top\">Gr\u00fcndungsjahr:<\/th>\n<td style=\"border-width: medium; border-style: none; -moz-border-top-colors: none; -moz-border-right-colors: none; -moz-border-bottom-colors: none; -moz-border-left-colors: none; -moz-border-image: none;\">1951<\/td>\n<\/tr>\n<tr>\n<th valign=\"top\">Vorstand:<\/th>\n<td style=\"border-width: medium; border-style: none; -moz-border-top-colors: none; -moz-border-right-colors: none; -moz-border-bottom-colors: none; -moz-border-left-colors: none; -moz-border-image: none;\">Thomas D\u00fcrnegger, Durrhausen<\/td>\n<\/tr>\n<tr>\n<th valign=\"top\">Internet:<\/th>\n<td style=\"border-width: medium; border-style: none; -moz-border-top-colors: none; -moz-border-right-colors: none; -moz-border-bottom-colors: none; -moz-border-left-colors: none; -moz-border-image: none;\"><a title=\"Kath. Landjugend Evenhausen\" href=\"http:\/\/kljb-evenhausen.de\/\" target=\"_blank\" rel=\"noopener noreferrer\">http:\/\/www.kljb-evenhausen.de\/<\/a><\/td>\n<\/tr>\n<\/tbody>\n<\/table>\n<p>1951 wurde auf Initiative des Wasserburger Kaplans Paul Mooshuber und dem Surer Pfarrer Christoph Schwarz eine Gr\u00fcndungsversammlung der Katholischen Landjugend beim Wirt in Kirchensur einberufen. Zu dieser Zeit gab es in Evenhausen nur den Sch\u00fctzenverein und die Feuerwehr, aber ein Verein oder eine entsprechende Gruppe f\u00fcr die jungen Leute der Pfarrei fehlte. Deshalb beschloss man eine Kath. Landjugend sowohl in Evenhausen, als auch in Kirchensur zu gr\u00fcnden. Bei der Gr\u00fcndungsversammlung waren alle Jugendlichen der Pfarrei eingeladen, sowie alle Interessierten. Publik wurde diese Versammlung \u00fcber die Verk\u00fcndigung in der Kirche. Nach einigem Z\u00f6gern und Dr\u00e4ngen wurde f\u00fcr die neu gegr\u00fcndete KLJB Evenhausen der 18-j\u00e4hrige Georg Spagl aus Evenhausen und f\u00fcr die KLJB Kirchensur Franz L\u00f6w aus Feichten gew\u00e4hlt. Ab diesem Tag gab es nun die Katholische Landjugend, die vor allem durch die Unterst\u00fctzung des Jugendseelsorgers Paul Mooshuber ihren Anfang nahm.<\/p>\n","protected":false},"excerpt":{"rendered":"<p>besteht aus derzeit 103 Mitgliedern aus Evenhausen und den umliegenden Ortschaften und planen und veranstalten \u00fcber das gesamte Jahr hinweg zahlreiche Aktivit\u00e4ten und Ausfl\u00fcge. Anschrift: Evenhausen Chiemgaustr. 26 83123 Amerang Gr\u00fcndungsjahr: 1951 Vorstand: Thomas D\u00fcrnegger, Durrhausen Internet: http:\/\/www.kljb-evenhausen.de\/ 1951 wurde auf Initiative des Wasserburger Kaplans Paul Mooshuber und dem Surer Pfarrer Christoph Schwarz eine Gr\u00fcndungsversammlung &hellip; <a href=\"https:\/\/www.evenhausen.de\/?page_id=92\" class=\"more-link\"><span class=\"screen-reader-text\">\u201eKLJB Evenhausen\u201c <\/span>weiterlesen<\/a><\/p>\n","protected":false},"author":26,"featured_media":1275,"parent":85,"menu_order":0,"comment_status":"open","ping_status":"closed","template":"","meta":{"_themeisle_gutenberg_block_has_review":false,"footnotes":""},"class_list":["post-92","page","type-page","status-publish","has-post-thumbnail","hentry"],"_links":{"self":[{"href":"https:\/\/www.evenhausen.de\/index.php?rest_route=\/wp\/v2\/pages\/92","targetHints":{"allow":["GET"]}}],"collection":[{"href":"https:\/\/www.evenhausen.de\/index.php?rest_route=\/wp\/v2\/pages"}],"about":[{"href":"https:\/\/www.evenhausen.de\/index.php?rest_route=\/wp\/v2\/types\/page"}],"author":[{"embeddable":true,"href":"https:\/\/www.evenhausen.de\/index.php?rest_route=\/wp\/v2\/users\/26"}],"replies":[{"embeddable":true,"href":"https:\/\/www.evenhausen.de\/index.php?rest_route=%2Fwp%2Fv2%2Fcomments&post=92"}],"version-history":[{"count":16,"href":"https:\/\/www.evenhausen.de\/index.php?rest_route=\/wp\/v2\/pages\/92\/revisions"}],"predecessor-version":[{"id":1404,"href":"https:\/\/www.evenhausen.de\/index.php?rest_route=\/wp\/v2\/pages\/92\/revisions\/1404"}],"up":[{"embeddable":true,"href":"https:\/\/www.evenhausen.de\/index.php?rest_route=\/wp\/v2\/pages\/85"}],"wp:featuredmedia":[{"embeddable":true,"href":"https:\/\/www.evenhausen.de\/index.php?rest_route=\/wp\/v2\/media\/1275"}],"wp:attachment":[{"href":"https:\/\/www.evenhausen.de\/index.php?rest_route=%2Fwp%2Fv2%2Fmedia&parent=92"}],"curies":[{"name":"wp","href":"https:\/\/api.w.org\/{rel}","templated":true}]}}