{"id":69,"date":"2012-02-08T13:49:15","date_gmt":"2012-02-08T12:49:15","guid":{"rendered":"http:\/\/www.evenhausen.de\/?page_id=69"},"modified":"2025-01-23T13:59:39","modified_gmt":"2025-01-23T12:59:39","slug":"feuerwehr","status":"publish","type":"page","link":"https:\/\/www.evenhausen.de\/?page_id=69","title":{"rendered":"Feuerwehr Evenhausen"},"content":{"rendered":"\n<p><strong>Bei Notf\u00e4llen rufen sie bitte IMMER die 112.<\/strong><\/p>\n\n\n\n<p>Die Intergrierte Leitstelle in Rosenheim alarmiert dann gegebenenfalls die notwendigen Einsatzmittel.<strong><br><\/strong><\/p>\n\n\n\n<figure class=\"wp-block-table\"><table class=\"has-background has-fixed-layout\" style=\"background-color:#ffffbf\"><tbody><tr><td>Anschrift:<\/td><td>Evenhausen<br>Forststra\u00dfe 18<br>83123 Amerang<\/td><td rowspan=\"5\"><iframe loading=\"lazy\" width=\"425\" height=\"350\" src=\"https:\/\/www.openstreetmap.org\/export\/embed.html?bbox=12.28986829519272%2C48.02544879564413%2C12.292663156986238%2C48.027231864252286&amp;layer=mapnik&amp;marker=48.02634033765877%2C12.291265726089478\" style=\"border: 1px solid black\"><\/iframe><br><small><a href=\"https:\/\/www.openstreetmap.org\/?mlat=48.026340&amp;mlon=12.291266#map=19\/48.026340\/12.291266\">Gr\u00f6\u00dfere Karte anzeigen<\/a><\/small><\/td><\/tr><tr><td>Telefon:<\/td><td>08075-913550<\/td><\/tr><tr><td>eMail:<\/td><td><a href=\"mailto:\/\/feuerwehr@evenhausen.de\">feuerwehr@evenhausen.de<\/a><\/td><\/tr><tr><td>Kommandant:<\/td><td>Josef Huber, Stephanskirchen<br>08075-9168964<br><a title=\"kdt@feuerwehr-evenhausen.de\" href=\"mailto:\/\/kdt@feuerwehr-evenhausen.de\">kdt@feuerwehr-evenhausen.de<\/a><\/td><\/tr><tr><td>Internet:<\/td><td><a href=\"http:\/\/www.feuerwehr-evenhausen.de\/\" target=\"_blank\" rel=\"noopener noreferrer\">http:\/\/www.feuerwehr-evenhausen.de\/<\/a><\/td><\/tr><\/tbody><\/table><\/figure>\n\n\n\n<h2 class=\"wp-block-heading\">Jugendfeuerwehr<\/h2>\n\n\n\n<p>Ab einem Alter von 12 Jahren ist es m\u00f6glich bei der Feuerwehr Evenhausen zum Feuerwehrdienst vorbereitet zu werden.<\/p>\n\n\n\n<p>Haben Sie oder Ihr Kind Interesse, melden sie sich beim Kommandanten oder beim Jugendwart oder besuchen Sie uns im Feuerwehrhaus (Temine siehe unten):<\/p>\n\n\n\n<figure class=\"wp-block-table\"><table class=\"has-background has-fixed-layout\" style=\"background-color:#ffffbf\"><tbody><tr><td>eMail:<\/td><td><a href=\"mailto:\/\/jugend@feuerwehr-evenhausen.de\">jugend@feuerwehr-evenhausen.de<\/a><\/td><\/tr><tr><td>Jugendwart:<\/td><td>Alexander Bliemel, Osendorf<br>Ben Baker, Evenhausen<br>Vroni Gastl, Stephanskirchen<\/td><\/tr><tr><td>Treffen<\/td><td>jeden 3. Donnerstag im Monat um 18 Uhr<\/td><\/tr><tr><td>Internet:<\/td><td><a href=\"http:\/\/www.feuerwehr-evenhausen.de\/feuerwehr\/jugend\/\" target=\"_blank\" rel=\"noopener noreferrer\">http:\/\/www.feuerwehr-evenhausen.de\/jugend\/<\/a><\/td><\/tr><\/tbody><\/table><\/figure>\n\n\n\n<h2 class=\"wp-block-heading\">\u00dcbungsdienst<\/h2>\n\n\n\n<p>Zu Erhaltung der Einsatzbereitschaft werden jeden Monat von M\u00e4rz bis November (au\u00dfer August) \u00dcbungen durchgef\u00fchrt:<\/p>\n\n\n\n<figure class=\"wp-block-table\"><table class=\"has-background has-fixed-layout\" style=\"background-color:#ffffbf\"><tbody><tr><td>Termin 1<\/td><td>Jeden ersten Freitag des Monats<\/td><td>19:30 Uhr<\/td><\/tr><tr><td>Termin 2<\/td><td>Der folgende Dienstag nach Termin 1<\/td><td>19:30 Uhr<\/td><\/tr><\/tbody><\/table><\/figure>\n\n\n\n<p>Des weiteren finden immer wieder Sonder\u00fcbungen f\u00fcr z.B. Atemschutzger\u00e4tetr\u00e4ger, Maschinisten und Gruppenf\u00fchrer statt.<br>Des weiteren finden viertelj\u00e4hrlich technische Dienste statt, in dem die Ger\u00e4te kontrolliert und gewartet werden.<\/p>\n\n\n\n<p><\/p>\n","protected":false},"excerpt":{"rendered":"<p>Bei Notf\u00e4llen rufen sie bitte IMMER die 112. Die Intergrierte Leitstelle in Rosenheim alarmiert dann gegebenenfalls die notwendigen Einsatzmittel. Anschrift: EvenhausenForststra\u00dfe 1883123 Amerang Gr\u00f6\u00dfere Karte anzeigen Telefon: 08075-913550 eMail: feuerwehr@evenhausen.de Kommandant: Josef Huber, Stephanskirchen08075-9168964kdt@feuerwehr-evenhausen.de Internet: http:\/\/www.feuerwehr-evenhausen.de\/ Jugendfeuerwehr Ab einem Alter von 12 Jahren ist es m\u00f6glich bei der Feuerwehr Evenhausen zum Feuerwehrdienst vorbereitet zu werden. &hellip; <a href=\"https:\/\/www.evenhausen.de\/?page_id=69\" class=\"more-link\"><span class=\"screen-reader-text\">\u201eFeuerwehr Evenhausen\u201c <\/span>weiterlesen<\/a><\/p>\n","protected":false},"author":26,"featured_media":1262,"parent":59,"menu_order":0,"comment_status":"open","ping_status":"closed","template":"","meta":{"_themeisle_gutenberg_block_has_review":false,"footnotes":""},"class_list":["post-69","page","type-page","status-publish","has-post-thumbnail","hentry"],"_links":{"self":[{"href":"https:\/\/www.evenhausen.de\/index.php?rest_route=\/wp\/v2\/pages\/69","targetHints":{"allow":["GET"]}}],"collection":[{"href":"https:\/\/www.evenhausen.de\/index.php?rest_route=\/wp\/v2\/pages"}],"about":[{"href":"https:\/\/www.evenhausen.de\/index.php?rest_route=\/wp\/v2\/types\/page"}],"author":[{"embeddable":true,"href":"https:\/\/www.evenhausen.de\/index.php?rest_route=\/wp\/v2\/users\/26"}],"replies":[{"embeddable":true,"href":"https:\/\/www.evenhausen.de\/index.php?rest_route=%2Fwp%2Fv2%2Fcomments&post=69"}],"version-history":[{"count":21,"href":"https:\/\/www.evenhausen.de\/index.php?rest_route=\/wp\/v2\/pages\/69\/revisions"}],"predecessor-version":[{"id":1378,"href":"https:\/\/www.evenhausen.de\/index.php?rest_route=\/wp\/v2\/pages\/69\/revisions\/1378"}],"up":[{"embeddable":true,"href":"https:\/\/www.evenhausen.de\/index.php?rest_route=\/wp\/v2\/pages\/59"}],"wp:featuredmedia":[{"embeddable":true,"href":"https:\/\/www.evenhausen.de\/index.php?rest_route=\/wp\/v2\/media\/1262"}],"wp:attachment":[{"href":"https:\/\/www.evenhausen.de\/index.php?rest_route=%2Fwp%2Fv2%2Fmedia&parent=69"}],"curies":[{"name":"wp","href":"https:\/\/api.w.org\/{rel}","templated":true}]}}