{"id":59,"date":"2012-02-08T11:53:09","date_gmt":"2012-02-08T10:53:09","guid":{"rendered":"http:\/\/www.evenhausen.de\/?page_id=59"},"modified":"2013-11-25T11:48:29","modified_gmt":"2013-11-25T10:48:29","slug":"information","status":"publish","type":"page","link":"https:\/\/www.evenhausen.de\/?page_id=59","title":{"rendered":"Information"},"content":{"rendered":"<table border=\"0\" align=\"left\">\n<tbody>\n<tr>\n<td style=\"background-color: #ffffe0; width: 100px;\">Gemeinde:<\/td>\n<td>Amerang<\/td>\n<td style=\"border: 1px solid lightgrey;\" rowspan=\"6\" align=\"right\" valign=\"top\">\u00a0<a href=\"https:\/\/www.evenhausen.de\/information\/600px-amerang_in_ro\/\" rel=\"attachment wp-att-324\"><img loading=\"lazy\" decoding=\"async\" class=\"alignnone size-medium wp-image-324\" title=\"Quelle: Wikimedia Commons\" alt=\"Evenhausen\/Obb.\" src=\"https:\/\/www.evenhausen.de\/wp-content\/uploads\/2012\/02\/600px-Amerang_in_RO-286x300.png\" width=\"286\" height=\"300\" srcset=\"https:\/\/www.evenhausen.de\/wp-content\/uploads\/2012\/02\/600px-Amerang_in_RO-286x300.png 286w, https:\/\/www.evenhausen.de\/wp-content\/uploads\/2012\/02\/600px-Amerang_in_RO.png 600w\" sizes=\"auto, (max-width: 286px) 85vw, 286px\" \/><\/a><\/td>\n<\/tr>\n<tr>\n<td style=\"background-color: #ffffe0;\">Landkreis:<\/td>\n<td>Rosenheim<\/td>\n<\/tr>\n<tr>\n<td style=\"background-color: #ffffe0;\">Regierungsbezirk:<\/td>\n<td>Oberbayern<\/td>\n<\/tr>\n<tr>\n<td style=\"background-color: #ffffe0;\">Bundesland:<\/td>\n<td>Bayern<\/td>\n<\/tr>\n<tr>\n<td style=\"background-color: #ffffe0;\">Postleitzahl:<\/td>\n<td>83123<\/td>\n<\/tr>\n<tr>\n<td style=\"background-color: #ffffe0;\">Telefon-Vorwahl:<\/td>\n<td>08075<\/td>\n<\/tr>\n<tr>\n<td style=\"background-color: #ffffe0;\">Einwohner:<\/td>\n<td colspan=\"2\">775 (ehem. Gemeindegebiet, Stand 2002)<br \/>\n309 (nur Ort Evenhausen, Stand 2002)<\/td>\n<\/tr>\n<\/tbody>\n<\/table>\n<h2>Aktuelles<\/h2>\n<p style=\"padding-left: 30px;\">\u2192\u00a0<a title=\"Mitteilungsbl\u00e4tter\" href=\"http:\/\/www.amerang.de\/index.php?id=0,17\" target=\"_blank\">Aktuelle Gemeindeinformationen (Mitteilungsblatt)<\/a><\/p>\n<hr \/>\n<div>\r\n         <h3>St\u00f6rung bei eMail Zustellung (Behoben) <sub>(01.10.2025)<\/sub><\/h3>\r\n            <p>Seit Anfang Oktober l\u00e4uft evenhausen.de auf einem neuem Server. Nach dem Umzug kam es beim Versand von @evenhausen.de eMail Konten zu St\u00f6rungen bei der Zustellung zu einigen eMail-Empf\u00e4ngern. Betroffen waren unter anderem Adressen von Das Problem wurde nun (hoffentlich) behoben. Sollten dennoch noch Probleme auftreten, einfach eine Info an admin@evenhausen.de<\/p>\r\n         <h3>Osendorf <sub>(25.10.2023)<\/sub><\/h3>\r\n            <p>Osendorf ist ein Weiler mit 9 Anwesen, der zur ehemaligen Gemeinde Evenhausen und auch zur Pfarrei Evenhausen geh\u00f6rt. (Die Bilder sind urheberrechtlich gesch\u00fctzt und d\u00fcrfen ohne vorherige Genehmigung nur f\u00fcr private Zwecke verwendet werden)<\/p>\r\n         <h3>Defibrillator in Evenhausen <sub>(20.08.2020)<\/sub><\/h3>\r\n            <p>Bereits seit dem 25.07. h\u00e4ngt der auf Initiative der Feuerwehr Evenhausen beschaffte AED (Automatischer Externer Defibrillator) in der Chiemgaustra\u00dfe 26 (vor dem Eingang zum Pfarrsaal).<\/p><\/div>\n","protected":false},"excerpt":{"rendered":"<p>Gemeinde: Amerang \u00a0 Landkreis: Rosenheim Regierungsbezirk: Oberbayern Bundesland: Bayern Postleitzahl: 83123 Telefon-Vorwahl: 08075 Einwohner: 775 (ehem. Gemeindegebiet, Stand 2002) 309 (nur Ort Evenhausen, Stand 2002) Aktuelles \u2192\u00a0Aktuelle Gemeindeinformationen (Mitteilungsblatt)<\/p>\n","protected":false},"author":26,"featured_media":0,"parent":0,"menu_order":0,"comment_status":"open","ping_status":"closed","template":"","meta":{"_themeisle_gutenberg_block_has_review":false,"footnotes":""},"class_list":["post-59","page","type-page","status-publish","hentry"],"_links":{"self":[{"href":"https:\/\/www.evenhausen.de\/index.php?rest_route=\/wp\/v2\/pages\/59","targetHints":{"allow":["GET"]}}],"collection":[{"href":"https:\/\/www.evenhausen.de\/index.php?rest_route=\/wp\/v2\/pages"}],"about":[{"href":"https:\/\/www.evenhausen.de\/index.php?rest_route=\/wp\/v2\/types\/page"}],"author":[{"embeddable":true,"href":"https:\/\/www.evenhausen.de\/index.php?rest_route=\/wp\/v2\/users\/26"}],"replies":[{"embeddable":true,"href":"https:\/\/www.evenhausen.de\/index.php?rest_route=%2Fwp%2Fv2%2Fcomments&post=59"}],"version-history":[{"count":15,"href":"https:\/\/www.evenhausen.de\/index.php?rest_route=\/wp\/v2\/pages\/59\/revisions"}],"predecessor-version":[{"id":989,"href":"https:\/\/www.evenhausen.de\/index.php?rest_route=\/wp\/v2\/pages\/59\/revisions\/989"}],"wp:attachment":[{"href":"https:\/\/www.evenhausen.de\/index.php?rest_route=%2Fwp%2Fv2%2Fmedia&parent=59"}],"curies":[{"name":"wp","href":"https:\/\/api.w.org\/{rel}","templated":true}]}}