{"id":488,"date":"2012-04-26T09:45:07","date_gmt":"2012-04-26T07:45:07","guid":{"rendered":"http:\/\/www.evenhausen.de\/?page_id=488"},"modified":"2025-01-23T14:05:11","modified_gmt":"2025-01-23T13:05:11","slug":"pfarrei-st-peter-in-evenhausen","status":"publish","type":"page","link":"https:\/\/www.evenhausen.de\/?page_id=488","title":{"rendered":"Pfarrei St. Peter (und Paul) in Evenhausen"},"content":{"rendered":"\n<figure class=\"wp-block-table\"><table class=\"has-background has-fixed-layout\" style=\"background-color:#ffffbf\"><tbody><tr><td>Besichtigungen:<\/td><td>Die Kirche ist untertags hinten ge\u00f6ffnet. Pers\u00f6nliche Besichtigungen k\u00f6nnen mit der Mesnerin vereinbart werden.<\/td><\/tr><tr><td>Kirchenpfleger:<\/td><td>Gerhard Hanslmaier, 08075-8475<\/td><\/tr><tr><td>Mesnerin:<\/td><td>Rosi Huber, 08075-1271<\/td><\/tr><tr><td>Internet:<\/td><td><a href=\"https:\/\/www.pfarrverband-amerang.de\/Pfarrverband\/Evenhausen\/\" target=\"_blank\" rel=\"noreferrer noopener\">&#8230;\/Pfarrverband\/Evenhausen\/<\/a><\/td><\/tr><\/tbody><\/table><\/figure>\n\n\n\n<p>Evenhausen ist die \u00e4lteste Pfarrei im Pfarrverband Amerang \u2013 Evenhausen \u2013 Schonstett.<br>\nSeit dem 7. Jahrhundert gibt es in Evenhausen wahrscheinlich schon eine Kirche. Die erste gemauerte Kirche wurde um die Jahrtausendwende im romanischen Stil errichtet. Zwischen 1470 und 1473 wurde sie im sp\u00e4tgotischen Stil umgebaut. Nach einem Brand 1713 wurde die Kirche etwa um 1720 im barocken Stil wieder aufgebaut. Zwischen 1975 und 1977 wurde die Kirche erweitert und renoviert. 2010 wurde die letzte Innenrenovierung durchgef\u00fchrt.<\/p>\n\n\n\n<p>Bereits im Jahre 1360 wurde Evenhausen eine eigenst\u00e4ndige Pfarrei und geh\u00f6rte zum Kloster Frauenchiemsee. Mehr als 600 Jahre sind seither vergangen. Seit Generationen ist die Pfarrkirche St. Peter und Paul Mittelpunkt unserer Pfarrei. Nach dem Tode des letzten Pfarrers im September 1969 wurde die Pfarrstelle nicht mehr besetzt.<\/p>\n\n\n\n<p>Damals war eine Pfarrei ohne eigenen Seelsorger noch eine Ausnahme, Erfahrungen mit einer priesterlosen Pfarrei waren kaum vorhanden. Der Pfarrer einer Nachbargemeinde, selbst schon an der Pensionsgrenze, wurde zum Vikar bestellt. Ein aus der Pfarrei stammender Priester, in M\u00fcnchen als Religionslehrer t\u00e4tig, feierte nun sonntags mit uns Eucharistie. Unterst\u00fctzung fanden wir auch bei den anderen Seelsorgern der Nachbarpfarreien; wechselweise \u00fcbernahmen sie wochentags einen Gottesdienst.<\/p>\n\n\n\n<p>Im Dezember 1969 wurde der erste Pfarrgemeinderat gew\u00e4hlt. Waren seine Aufgaben auch noch unklar, so stellte sich bereits nach wenigen Wochen heraus, wie wichtig gerade dieses Laiengremium in einer Pfarrei ohne einen am Ort wohnenden Priester war. Vor allem waren es anfangs organisatorische Aufgaben, die Vorbereitung der Christmette, von Erstkommunion und Firmung, Die Planung der Bittg\u00e4nge, Maiandachten, Kreuzwegandachten, Osternacht, Beichtm\u00f6glichkeiten und vieles mehr. Viele Pfarrangeh\u00f6rige waren bereit, Aufgaben zu \u00fcbernehmen. Motiv war dabei sicher neben der Notlage auch der Erhalt einer selbst\u00e4ndigen Pfarrei. Pfarrversammlungen und Feiern au\u00dferhalb der Kirche wie Pfarrfasching, Pfarrfeste und Altennachmittage f\u00f6rderten die Gemeinschaft.<\/p>\n\n\n\n<p>Durch die Gr\u00fcndung des Pfarrverbandes am 01.12.1980 wurde die Zust\u00e4ndigkeit f\u00fcr die Seelsorge neu geregelt, die gegenseitige Abstimmung erleichtert. Neben der Bewahrung der Eigenst\u00e4ndigkeit kam es gleichwohl zu einer gr\u00f6\u00dferen Zusammengeh\u00f6rigkeit im Pfarrverband durch gegenseitige Besuche bei Gottesdienst, Fest und Feier.<\/p>\n\n\n\n<p>Gerade die Entwicklung in Evenhausen zeigt, da\u00df die verantwortungsvolle Mitarbeit vieler Laien sehr wichtig ist \u2013 auch als Wortgottesdienstleiter und Kommunionhelfer \u2013 wenn die Eigenst\u00e4ndigkeit erhalten und eine gute Zusammenarbeit innerhalb der Gemeinden des Pfarrverbandes m\u00f6glich werden soll.<\/p>\n","protected":false},"excerpt":{"rendered":"<p>Besichtigungen: Die Kirche ist untertags hinten ge\u00f6ffnet. Pers\u00f6nliche Besichtigungen k\u00f6nnen mit der Mesnerin vereinbart werden. Kirchenpfleger: Gerhard Hanslmaier, 08075-8475 Mesnerin: Rosi Huber, 08075-1271 Internet: &#8230;\/Pfarrverband\/Evenhausen\/ Evenhausen ist die \u00e4lteste Pfarrei im Pfarrverband Amerang \u2013 Evenhausen \u2013 Schonstett. Seit dem 7. Jahrhundert gibt es in Evenhausen wahrscheinlich schon eine Kirche. Die erste gemauerte Kirche wurde um &hellip; <a href=\"https:\/\/www.evenhausen.de\/?page_id=488\" class=\"more-link\"><span class=\"screen-reader-text\">\u201ePfarrei St. Peter (und Paul) in Evenhausen\u201c <\/span>weiterlesen<\/a><\/p>\n","protected":false},"author":26,"featured_media":1019,"parent":183,"menu_order":0,"comment_status":"open","ping_status":"closed","template":"","meta":{"_themeisle_gutenberg_block_has_review":false,"footnotes":""},"class_list":["post-488","page","type-page","status-publish","has-post-thumbnail","hentry"],"_links":{"self":[{"href":"https:\/\/www.evenhausen.de\/index.php?rest_route=\/wp\/v2\/pages\/488","targetHints":{"allow":["GET"]}}],"collection":[{"href":"https:\/\/www.evenhausen.de\/index.php?rest_route=\/wp\/v2\/pages"}],"about":[{"href":"https:\/\/www.evenhausen.de\/index.php?rest_route=\/wp\/v2\/types\/page"}],"author":[{"embeddable":true,"href":"https:\/\/www.evenhausen.de\/index.php?rest_route=\/wp\/v2\/users\/26"}],"replies":[{"embeddable":true,"href":"https:\/\/www.evenhausen.de\/index.php?rest_route=%2Fwp%2Fv2%2Fcomments&post=488"}],"version-history":[{"count":16,"href":"https:\/\/www.evenhausen.de\/index.php?rest_route=\/wp\/v2\/pages\/488\/revisions"}],"predecessor-version":[{"id":1383,"href":"https:\/\/www.evenhausen.de\/index.php?rest_route=\/wp\/v2\/pages\/488\/revisions\/1383"}],"up":[{"embeddable":true,"href":"https:\/\/www.evenhausen.de\/index.php?rest_route=\/wp\/v2\/pages\/183"}],"wp:featuredmedia":[{"embeddable":true,"href":"https:\/\/www.evenhausen.de\/index.php?rest_route=\/wp\/v2\/media\/1019"}],"wp:attachment":[{"href":"https:\/\/www.evenhausen.de\/index.php?rest_route=%2Fwp%2Fv2%2Fmedia&parent=488"}],"curies":[{"name":"wp","href":"https:\/\/api.w.org\/{rel}","templated":true}]}}