{"id":486,"date":"2012-04-26T09:29:55","date_gmt":"2012-04-26T07:29:55","guid":{"rendered":"http:\/\/www.evenhausen.de\/?page_id=486"},"modified":"2025-01-23T14:04:05","modified_gmt":"2025-01-23T13:04:05","slug":"filiale-st-stephan-in-stephanskirchen","status":"publish","type":"page","link":"https:\/\/www.evenhausen.de\/?page_id=486","title":{"rendered":"Filiale St. Stephan in Stephanskirchen"},"content":{"rendered":"\n<figure class=\"wp-block-table\"><table class=\"has-background has-fixed-layout\" style=\"background-color:#ffffbf\"><tbody><tr><td>Besichtigungen:<\/td><td>Die Kirche ist untertags hinten ge\u00f6ffnet. Pers\u00f6nliche Besichtigungen k\u00f6nnen mit der Mesnerin vereinbart werden.<\/td><\/tr><tr><td>Kirchenpfleger:<\/td><td>Josef D\u00fcrnegger, 08075-289<\/td><\/tr><tr><td>Mesnerin:<\/td><td>Monika Fischbacher, 08075-316<\/td><\/tr><tr><td>Internet:<\/td><td><a href=\"https:\/\/www.pfarrverband-amerang.de\/Pfarrverband\/Stephanskirchen\/\" target=\"_blank\" rel=\"noreferrer noopener\">&#8230;\/Pfarrverband\/Stephanskirchen\/<\/a><\/td><\/tr><\/tbody><\/table><\/figure>\n\n\n\n<p>Die Kirche in Stephanskirchen gibt es schon vor 1030 und war eine Filiale der Pfarrei Schnaitsee. Um 1200 wurde sie im romanischen Stil neu erbaut. Der heutige Bau hat Chor und Turm im sp\u00e4tgotischen Stil aus dem 15. Jahrhundert.<br>\nDie weite Entfernung f\u00fchrte 1513 zur Stiftung des Benefiziums Stephanskirchen.<\/p>\n\n\n\n<p>Stephanskirchen ist nun Filiale der Pfarrei Evenhausen, mit eigener Kirchenverwaltung.<\/p>\n\n\n\n<figure class=\"wp-block-image\"><a href=\"https:\/\/www.evenhausen.de\/information\/pfarrei\/filiale-st-stephan-in-stephanskirchen\/stephanskirchen-evenhausen-1\/\" rel=\"attachment wp-att-509\"><img loading=\"lazy\" decoding=\"async\" width=\"1024\" height=\"547\" src=\"https:\/\/www.evenhausen.de\/wp-content\/uploads\/2012\/04\/Stephanskirchen-Evenhausen-1-1024x547.jpg\" alt=\"\" class=\"wp-image-509\" title=\"Stephanskirchen-Evenhausen-1\" srcset=\"https:\/\/www.evenhausen.de\/wp-content\/uploads\/2012\/04\/Stephanskirchen-Evenhausen-1-1024x547.jpg 1024w, https:\/\/www.evenhausen.de\/wp-content\/uploads\/2012\/04\/Stephanskirchen-Evenhausen-1-300x160.jpg 300w, https:\/\/www.evenhausen.de\/wp-content\/uploads\/2012\/04\/Stephanskirchen-Evenhausen-1.jpg 1076w\" sizes=\"auto, (max-width: 709px) 85vw, (max-width: 909px) 67vw, (max-width: 1362px) 62vw, 840px\" \/><\/a><\/figure>\n\n\n\n<p><\/p>\n","protected":false},"excerpt":{"rendered":"<p>Besichtigungen: Die Kirche ist untertags hinten ge\u00f6ffnet. Pers\u00f6nliche Besichtigungen k\u00f6nnen mit der Mesnerin vereinbart werden. Kirchenpfleger: Josef D\u00fcrnegger, 08075-289 Mesnerin: Monika Fischbacher, 08075-316 Internet: &#8230;\/Pfarrverband\/Stephanskirchen\/ Die Kirche in Stephanskirchen gibt es schon vor 1030 und war eine Filiale der Pfarrei Schnaitsee. Um 1200 wurde sie im romanischen Stil neu erbaut. Der heutige Bau hat Chor &hellip; <a href=\"https:\/\/www.evenhausen.de\/?page_id=486\" class=\"more-link\"><span class=\"screen-reader-text\">\u201eFiliale St. Stephan in Stephanskirchen\u201c <\/span>weiterlesen<\/a><\/p>\n","protected":false},"author":26,"featured_media":509,"parent":183,"menu_order":0,"comment_status":"open","ping_status":"closed","template":"","meta":{"_themeisle_gutenberg_block_has_review":false,"footnotes":""},"class_list":["post-486","page","type-page","status-publish","has-post-thumbnail","hentry"],"_links":{"self":[{"href":"https:\/\/www.evenhausen.de\/index.php?rest_route=\/wp\/v2\/pages\/486","targetHints":{"allow":["GET"]}}],"collection":[{"href":"https:\/\/www.evenhausen.de\/index.php?rest_route=\/wp\/v2\/pages"}],"about":[{"href":"https:\/\/www.evenhausen.de\/index.php?rest_route=\/wp\/v2\/types\/page"}],"author":[{"embeddable":true,"href":"https:\/\/www.evenhausen.de\/index.php?rest_route=\/wp\/v2\/users\/26"}],"replies":[{"embeddable":true,"href":"https:\/\/www.evenhausen.de\/index.php?rest_route=%2Fwp%2Fv2%2Fcomments&post=486"}],"version-history":[{"count":14,"href":"https:\/\/www.evenhausen.de\/index.php?rest_route=\/wp\/v2\/pages\/486\/revisions"}],"predecessor-version":[{"id":1381,"href":"https:\/\/www.evenhausen.de\/index.php?rest_route=\/wp\/v2\/pages\/486\/revisions\/1381"}],"up":[{"embeddable":true,"href":"https:\/\/www.evenhausen.de\/index.php?rest_route=\/wp\/v2\/pages\/183"}],"wp:featuredmedia":[{"embeddable":true,"href":"https:\/\/www.evenhausen.de\/index.php?rest_route=\/wp\/v2\/media\/509"}],"wp:attachment":[{"href":"https:\/\/www.evenhausen.de\/index.php?rest_route=%2Fwp%2Fv2%2Fmedia&parent=486"}],"curies":[{"name":"wp","href":"https:\/\/api.w.org\/{rel}","templated":true}]}}