{"id":414,"date":"2012-03-07T08:07:44","date_gmt":"2012-03-07T07:07:44","guid":{"rendered":"http:\/\/www.evenhausen.de\/?page_id=414"},"modified":"2025-11-27T16:10:12","modified_gmt":"2025-11-27T15:10:12","slug":"dorfer-weiler-und-einoden","status":"publish","type":"page","link":"https:\/\/www.evenhausen.de\/?page_id=414","title":{"rendered":"D\u00f6rfer, Weiler und Ein\u00f6den"},"content":{"rendered":"\n<p>Folgende D\u00f6rfer, Weiler und Ein\u00f6den geh\u00f6ren zur ehemaligen Gemeinde Evenhausen:<\/p>\n\n\n\n<figure class=\"wp-block-table\"><table class=\"has-fixed-layout\"><tbody><tr><th>Ort<\/th><th>&nbsp;<\/th><th>Typ<\/th><th>GPS-Koordinaten<\/th><th>&nbsp;<\/th><\/tr><tr><td colspan=\"2\"><a href=\"http:\/\/www.bayerische-landesbibliothek-online.de\/orte\/ortssuche_action.html?anzeige=voll&amp;modus=automat&amp;tempus=+20120228\/155758&amp;attr=OBJ&amp;val=11143\" target=\"BLO\" rel=\"noopener noreferrer\">Evenhausen<\/a><\/td><td>Pfarrdorf<\/td><td><span style=\"font-size: 8px;\"><a id=\"iwreviews_near\" href=\"http:\/\/maps.google.de\/maps\/place?ftid=0x0:0x0&amp;q=48.025295,12.288966&amp;gl=de&amp;cad=src:ppiwlink&amp;ei=LOtNT6XzKIXTsgapiIyeDA&amp;dtab=2\" target=\"GoogleMap\" rel=\"noopener noreferrer\">48.025295,12.288966<\/a><\/span><\/td><td>&nbsp;<\/td><\/tr><tr><td>&nbsp;<\/td><td><a href=\"http:\/\/www.bayerische-landesbibliothek-online.de\/orte\/ortssuche_action.html?anzeige=voll&amp;modus=automat&amp;tempus=+20120228\/155758&amp;attr=OBJ&amp;val=11132\" target=\"BLO\" rel=\"noopener noreferrer\">Achen<\/a><\/td><td>Dorf<\/td><td><span style=\"font-size: 8px;\"><a id=\"iwreviews_near\" href=\"http:\/\/maps.google.de\/maps\/place?ftid=0x0:0x0&amp;q=48.028624,12.279439&amp;gl=de&amp;cad=src:ppiwlink&amp;ei=VetNT8-wN4zTsgacp7ikAQ&amp;dtab=2\" target=\"GoogleMap\" rel=\"noopener noreferrer\">48.028624,12.279439<\/a><\/span><\/td><td>&nbsp;<\/td><\/tr><tr><td>&nbsp;<\/td><td><a href=\"http:\/\/www.bayerische-landesbibliothek-online.de\/orte\/ortssuche_action.html?anzeige=voll&amp;modus=automat&amp;tempus=+20120228\/155758&amp;attr=OBJ&amp;val=11219\" target=\"BLO\" rel=\"noopener noreferrer\">Eichleiten<\/a><\/td><td>Ein\u00f6de<\/td><td><span style=\"font-size: 8px;\"><a id=\"iwreviews_near\" href=\"http:\/\/maps.google.de\/maps\/place?ftid=0x0:0x0&amp;q=48.019669,12.286134&amp;gl=de&amp;cad=src:ppiwlink&amp;ei=aOtNT9qKIoPcsgaQqbihAQ&amp;dtab=2\" target=\"GoogleMap\" rel=\"noopener noreferrer\">48.019669,12.286134<\/a><\/span><\/td><td>&nbsp;<\/td><\/tr><tr><td>&nbsp;<\/td><td><a href=\"http:\/\/www.bayerische-landesbibliothek-online.de\/orte\/ortssuche_action.html?anzeige=voll&amp;modus=automat&amp;tempus=+20120228\/155758&amp;attr=OBJ&amp;val=11141\" target=\"BLO\" rel=\"noopener noreferrer\">Englstetten<\/a><\/td><td>Weiler<\/td><td><span style=\"font-size: 8px;\"><a id=\"iwreviews_near\" href=\"http:\/\/maps.google.de\/maps\/place?ftid=0x0:0x0&amp;q=48.029944,12.295747&amp;gl=de&amp;cad=src:ppiwlink&amp;ei=jOtNT-7XJ4SztAaU4d3eDQ&amp;dtab=2\" target=\"GoogleMap\" rel=\"noopener noreferrer\">48.029944,12.295747<\/a><\/span><\/td><td>&nbsp;<\/td><\/tr><tr><td>&nbsp;<\/td><td><a href=\"http:\/\/www.bayerische-landesbibliothek-online.de\/orte\/ortssuche_action.html?anzeige=voll&amp;modus=automat&amp;tempus=+20120228\/155758&amp;attr=OBJ&amp;val=11142\" target=\"BLO\" rel=\"noopener noreferrer\">E\u00dfbaum<\/a><\/td><td>Ein\u00f6de<\/td><td><span style=\"font-size: 8px;\"><a id=\"iwreviews_near\" href=\"http:\/\/maps.google.de\/maps\/place?ftid=0x0:0x0&amp;q=48.027878,12.281928&amp;gl=de&amp;cad=src:ppiwlink&amp;ei=rutNT9HKIYPhtQbwgqjbDA&amp;dtab=2\" target=\"GoogleMap\" rel=\"noopener noreferrer\">48.027878,12.281928<\/a><\/span><\/td><td>&nbsp;<\/td><\/tr><tr><td>&nbsp;<\/td><td><a href=\"https:\/\/www.bavarikon.de\/object\/odb:BSB-ODB_S00017549?lang=de\">Halmanns\u00f6d<\/a><\/td><td>Ein\u00f6de<\/td><td><span style=\"font-size: 8px;\"><a id=\"iwreviews_near\" href=\"http:\/\/maps.google.de\/maps\/place?ftid=0x0:0x0&amp;q=48.031623,12.307473&amp;gl=de&amp;cad=src:ppiwlink&amp;ei=gepNT7POKIiRswbEsuW4Ag&amp;dtab=2\" target=\"GoogleMap\" rel=\"noopener noreferrer\">48.031623,12.307473<\/a><\/span><\/td><td>&nbsp;<\/td><\/tr><tr><td>&nbsp;<\/td><td><a href=\"http:\/\/www.bayerische-landesbibliothek-online.de\/orte\/ortssuche_action.html?anzeige=voll&amp;modus=automat&amp;tempus=+20120228\/160331&amp;attr=OBJ&amp;val=11162\" target=\"BLO\" rel=\"noopener noreferrer\">Hohen\u00f6d<\/a><\/td><td>Weiler<\/td><td><span style=\"font-size: 8px;\"><a id=\"iwreviews_near\" href=\"http:\/\/maps.google.de\/maps\/place?ftid=0x0:0x0&amp;q=48.029829,12.30536&amp;gl=de&amp;cad=src:ppiwlink&amp;ei=yOtNT-3bMYyWswbdysnaDQ&amp;dtab=2\" target=\"GoogleMap\" rel=\"noopener noreferrer\">48.029829,12.305360<\/a><\/span><\/td><td>&nbsp;<\/td><\/tr><tr><td>&nbsp;<\/td><td><a href=\"http:\/\/www.bayerische-landesbibliothek-online.de\/orte\/ortssuche_action.html?anzeige=voll&amp;modus=automat&amp;tempus=+20120228\/160400&amp;attr=OBJ&amp;val=11169\" target=\"BLO\" rel=\"noopener noreferrer\">Lacken<\/a><\/td><td>Ein\u00f6de<\/td><td><span style=\"font-size: 8px;\"><a id=\"iwreviews_near\" href=\"http:\/\/maps.google.de\/maps\/place?ftid=0x0:0x0&amp;q=48.032685,12.304362&amp;gl=de&amp;cad=src:ppiwlink&amp;ei=7-tNT5-tEIbEsgab0sn9DA&amp;dtab=2\" target=\"GoogleMap\" rel=\"noopener noreferrer\">48.032685,12.304362<\/a><\/span><\/td><td>&nbsp;<\/td><\/tr><tr><td>&nbsp;<\/td><td><a href=\"http:\/\/www.bayerische-landesbibliothek-online.de\/orte\/ortssuche_action.html?anzeige=voll&amp;modus=automat&amp;tempus=+20120228\/160400&amp;attr=OBJ&amp;val=11172\" target=\"BLO\" rel=\"noopener noreferrer\">Lindach<\/a><\/td><td>Ein\u00f6de<\/td><td><span style=\"font-size: 8px;\"><a id=\"iwreviews_near\" href=\"http:\/\/maps.google.de\/maps\/place?ftid=0x0:0x0&amp;q=48.033646,12.272193&amp;gl=de&amp;cad=src:ppiwlink&amp;ei=J-xNT_3UHYfVtAbK-fSoAQ&amp;dtab=2\" target=\"GoogleMap\" rel=\"noopener noreferrer\">48.033646,12.272193<\/a><\/span><\/td><td>&nbsp;<\/td><\/tr><tr><td>&nbsp;<\/td><td><a href=\"http:\/\/www.bayerische-landesbibliothek-online.de\/orte\/ortssuche_action.html?anzeige=voll&amp;modus=automat&amp;tempus=+20120228\/160400&amp;attr=OBJ&amp;val=11174\" target=\"BLO\" rel=\"noopener noreferrer\">Locking<\/a><\/td><td>Ein\u00f6de<\/td><td><span style=\"font-size: 8px;\"><a id=\"iwreviews_near\" href=\"http:\/\/maps.google.de\/maps\/place?ftid=0x0:0x0&amp;q=48.016985,12.287217&amp;gl=de&amp;cad=src:ppiwlink&amp;ei=Lu1NT6K-CcXzsgakzt3tDQ&amp;dtab=2\" target=\"GoogleMap\" rel=\"noopener noreferrer\">48.016985,12.287217<\/a><\/span><\/td><td>&nbsp;<\/td><\/tr><tr><td>&nbsp;<\/td><td><a href=\"http:\/\/www.bayerische-landesbibliothek-online.de\/orte\/ortssuche_action.html?anzeige=voll&amp;modus=automat&amp;tempus=+20120228\/160400&amp;attr=OBJ&amp;val=11183\" target=\"BLO\" rel=\"noopener noreferrer\">Osendorf<\/a><\/td><td>Weiler<\/td><td><span style=\"font-size: 8px;\"><a id=\"iwreviews_near\" href=\"http:\/\/maps.google.de\/maps\/place?ftid=0x0:0x0&amp;q=48.038381,12.30316&amp;gl=de&amp;cad=src:ppiwlink&amp;ei=T-1NT6raD8extAaAu6ibAQ&amp;dtab=2\" target=\"GoogleMap\" rel=\"noopener noreferrer\">48.038381,12.303160<\/a><\/span><\/td><td>&nbsp;<\/td><\/tr><tr><td>&nbsp;<\/td><td><a href=\"https:\/\/www.bavarikon.de\/object\/odb:BSB-ODB_S00042314?lang=de\">Mitterwies<\/a><\/td><td>Ein\u00f6de<\/td><td><span style=\"font-size: 8px;\"><a id=\"iwreviews_near\" href=\"http:\/\/maps.google.de\/maps\/place?ftid=0x0:0x0&amp;q=48.024964,12.279149&amp;gl=de&amp;cad=src:ppiwlink&amp;ei=ee1NT9rSKMH5sgaD9biKDQ&amp;dtab=2\" target=\"GoogleMap\" rel=\"noopener noreferrer\">48.024964,12.279149<\/a><\/span><\/td><td>Achen 34<\/td><\/tr><tr><td>&nbsp;<\/td><td><a href=\"https:\/\/www.bavarikon.de\/object\/odb:BSB-ODB_S00042315?lang=de\">Peterm\u00fchle<\/a><\/td><td>Ein\u00f6de<\/td><td><span style=\"font-size: 8px;\"><a id=\"iwreviews_near\" href=\"http:\/\/maps.google.de\/maps\/place?ftid=0x0:0x0&amp;q=48.021563,12.282969&amp;gl=de&amp;cad=src:ppiwlink&amp;ei=ju1NT7yoFc7Zsga6yvn-DQ&amp;dtab=2\" target=\"GoogleMap\" rel=\"noopener noreferrer\">48.021563,12.282969<\/a><\/span><\/td><td>&nbsp;Achen 9<\/td><\/tr><tr><td>&nbsp;<\/td><td><a href=\"http:\/\/www.bayerische-landesbibliothek-online.de\/orte\/ortssuche_action.html?anzeige=voll&amp;modus=automat&amp;tempus=+20120228\/160400&amp;attr=OBJ&amp;val=11185\" target=\"BLO\" rel=\"noopener noreferrer\">Pfaffing<\/a><\/td><td>Dorf<\/td><td><span style=\"font-size: 8px;\"><a id=\"iwreviews_near\" href=\"http:\/\/maps.google.de\/maps\/place?ftid=0x0:0x0&amp;q=48.019611,12.294899&amp;gl=de&amp;cad=src:ppiwlink&amp;ei=qO1NT4X6GYTasgahl6CFDg&amp;dtab=2\" target=\"GoogleMap\" rel=\"noopener noreferrer\">48.019611,12.294899<\/a><\/span><\/td><td>&nbsp;<\/td><\/tr><tr><td>&nbsp;<\/td><td><a href=\"http:\/\/www.bayerische-landesbibliothek-online.de\/orte\/ortssuche_action.html?anzeige=voll&amp;modus=automat&amp;tempus=+20120228\/160543&amp;attr=OBJ&amp;val=11192\" target=\"BLO\" rel=\"noopener noreferrer\">Seeleiten<\/a><\/td><td>Ein\u00f6de<\/td><td><span style=\"font-size: 8px;\"><a id=\"iwreviews_near\" href=\"http:\/\/maps.google.de\/maps\/place?ftid=0x0:0x0&amp;q=48.020558,12.301701&amp;gl=de&amp;cad=src:ppiwlink&amp;ei=we1NT9uQC4iRswbEsuW4Ag&amp;dtab=2\" target=\"GoogleMap\" rel=\"noopener noreferrer\">48.020558,12.301701<\/a><\/span><\/td><td>&nbsp;<\/td><\/tr><tr><td>&nbsp;<\/td><td><a href=\"http:\/\/www.bayerische-landesbibliothek-online.de\/orte\/ortssuche_action.html?anzeige=voll&amp;modus=automat&amp;tempus=+20120228\/160543&amp;attr=OBJ&amp;val=11203\" target=\"BLO\" rel=\"noopener noreferrer\">Unter\u00f6d<\/a><\/td><td>Weiler<\/td><td><span style=\"font-size: 8px;\"><a id=\"iwreviews_near\" href=\"http:\/\/maps.google.de\/maps\/place?ftid=0x0:0x0&amp;q=48.025122,12.305199&amp;gl=de&amp;cad=src:ppiwlink&amp;ei=EO5NT4rRKYbzsga_svioAQ&amp;dtab=2\" target=\"GoogleMap\" rel=\"noopener noreferrer\">48.025122,12.305199<\/a><\/span><\/td><td>&nbsp;<\/td><\/tr><tr><td>&nbsp;<\/td><td><a href=\"https:\/\/www.bavarikon.de\/object\/odb:BSB-ODB_S00042320?lang=de\">Walchm\u00fchle<\/a><\/td><td>Ein\u00f6de<\/td><td><span style=\"font-size: 8px;\"><a id=\"iwreviews_near\" href=\"http:\/\/maps.google.de\/maps\/place?ftid=0x0:0x0&amp;q=48.031264,12.276099&amp;gl=de&amp;cad=src:ppiwlink&amp;ei=LO5NT_C-BI2Lswa4gN2cDQ&amp;dtab=2\" target=\"GoogleMap\" rel=\"noopener noreferrer\">48.031264,12.276099<\/a><\/span><\/td><td>Achen 1<\/td><\/tr><tr><td colspan=\"2\"><a href=\"http:\/\/www.bayerische-landesbibliothek-online.de\/orte\/ortssuche_action.html?anzeige=voll&amp;modus=automat&amp;tempus=+20120228\/160543&amp;attr=OBJ&amp;val=11195\" target=\"BLO\" rel=\"noopener noreferrer\">Stephanskirchen<\/a><\/td><td>Kirchdorf<\/td><td><span style=\"font-size: 8px;\"><a id=\"iwreviews_near\" href=\"http:\/\/maps.google.de\/maps\/place?ftid=0x0:0x0&amp;q=48.036501,12.310649&amp;gl=de&amp;cad=src:ppiwlink&amp;ei=au9NT9y8H8ek_AazifnTDw&amp;dtab=2\" target=\"GoogleMap\" rel=\"noopener noreferrer\">48.036501,12.310649<\/a><\/span><\/td><td>&nbsp;<\/td><\/tr><tr><td>&nbsp;<\/td><td><a href=\"http:\/\/www.bayerische-landesbibliothek-online.de\/orte\/ortssuche_action.html?anzeige=voll&amp;modus=automat&amp;tempus=+20120228\/155758&amp;attr=OBJ&amp;val=11138\" target=\"BLO\" rel=\"noopener noreferrer\">Durrhausen<\/a><\/td><td>Weiler<\/td><td><span style=\"font-size: 8px;\"><a id=\"iwreviews_near\" href=\"http:\/\/maps.google.de\/maps\/place?ftid=0x0:0x0&amp;q=48.027935,12.310714&amp;gl=de&amp;cad=src:ppiwlink&amp;ei=fu9NT_mJPM7A_AbBrLSDDA&amp;dtab=2\" target=\"GoogleMap\" rel=\"noopener noreferrer\">48.027935,12.310714<\/a><\/span><\/td><td>&nbsp;<\/td><\/tr><tr><td>&nbsp;<\/td><td><a href=\"http:\/\/www.bayerische-landesbibliothek-online.de\/orte\/ortssuche_action.html?anzeige=voll&amp;modus=automat&amp;tempus=+20120228\/155758&amp;attr=OBJ&amp;val=11139\" target=\"BLO\" rel=\"noopener noreferrer\">Eck<\/a><\/td><td>Ein\u00f6de<\/td><td><span style=\"font-size: 8px;\"><a id=\"iwreviews_near\" href=\"http:\/\/maps.google.de\/maps\/place?ftid=0x0:0x0&amp;q=48.034034,12.316614&amp;gl=de&amp;cad=src:ppiwlink&amp;ei=k-9NT7-HHdny_Aab37WuAg&amp;dtab=2\" target=\"GoogleMap\" rel=\"noopener noreferrer\">48.034034,12.316614<\/a><\/span><\/td><td>&nbsp;<\/td><\/tr><tr><td>&nbsp;<\/td><td><a href=\"http:\/\/www.bayerische-landesbibliothek-online.de\/orte\/ortssuche_action.html?anzeige=voll&amp;modus=automat&amp;tempus=+20120228\/155758&amp;attr=OBJ&amp;val=11219\" target=\"BLO\" rel=\"noopener noreferrer\">Mais<\/a><\/td><td>Weiler<\/td><td><span style=\"font-size: 8px;\"><a id=\"iwreviews_near\" href=\"http:\/\/maps.google.de\/maps\/place?ftid=0x0:0x0&amp;q=48.039414,12.315241&amp;gl=de&amp;cad=src:ppiwlink&amp;ei=se9NT9j1I5ST_AaY35HxDw&amp;dtab=2\" target=\"GoogleMap\" rel=\"noopener noreferrer\">48.039414,12.315241<\/a><\/span><\/td><td>&nbsp;<\/td><\/tr><tr><td>&nbsp;<\/td><td><a href=\"http:\/\/www.bayerische-landesbibliothek-online.de\/orte\/ortssuche_action.html?anzeige=voll&amp;modus=automat&amp;tempus=+20120228\/160543&amp;attr=OBJ&amp;val=11193\" target=\"BLO\" rel=\"noopener noreferrer\">Spittersberg<\/a><\/td><td>Ein\u00f6de<\/td><td><span style=\"font-size: 8px;\"><a id=\"iwreviews_near\" href=\"http:\/\/maps.google.de\/maps\/place?ftid=0x0:0x0&amp;q=48.04247,12.323288&amp;gl=de&amp;cad=src:ppiwlink&amp;ei=w-9NT5KsOoWS_AbUyJG4Cw&amp;dtab=2\" target=\"GoogleMap\" rel=\"noopener noreferrer\">48.042470,12.323288<\/a><\/span><\/td><td>&nbsp;<\/td><\/tr><tr><td>&nbsp;<\/td><td><a href=\"http:\/\/www.bayerische-landesbibliothek-online.de\/orte\/ortssuche_action.html?anzeige=voll&amp;modus=automat&amp;tempus=+20120228\/160543&amp;attr=OBJ&amp;val=11197\" target=\"BLO\" rel=\"noopener noreferrer\">Streit<\/a><\/td><td>Weiler<\/td><td><span style=\"font-size: 8px;\"><a id=\"iwreviews_near\" href=\"http:\/\/maps.google.de\/maps\/place?ftid=0x0:0x0&amp;q=48.039945,12.310885&amp;gl=de&amp;cad=src:ppiwlink&amp;ei=_-9NT7iiN8qy_QaHrbXSCg&amp;dtab=2\" target=\"GoogleMap\" rel=\"noopener noreferrer\">48.039945,12.310885<\/a><\/span><\/td><td>&nbsp;<\/td><\/tr><\/tbody><\/table><\/figure>\n\n\n\n<figure class=\"wp-block-image size-full is-style-default\" id=\"wp-block-themeisle-blocks-image-7f10449a\"><img loading=\"lazy\" decoding=\"async\" width=\"935\" height=\"960\" src=\"https:\/\/www.evenhausen.de\/wp-content\/uploads\/2025\/11\/Unbenannt.png\" alt=\"\" class=\"wp-image-1423\" srcset=\"https:\/\/www.evenhausen.de\/wp-content\/uploads\/2025\/11\/Unbenannt.png 935w, https:\/\/www.evenhausen.de\/wp-content\/uploads\/2025\/11\/Unbenannt-292x300.png 292w, https:\/\/www.evenhausen.de\/wp-content\/uploads\/2025\/11\/Unbenannt-768x789.png 768w\" sizes=\"auto, (max-width: 709px) 85vw, (max-width: 909px) 67vw, (max-width: 1362px) 62vw, 840px\" \/><\/figure>\n\n\n\n<p>Ortsverzeichnis von 1868<br><em>Quelle: &#8222;Topographisch-statistisches Handbuch des K\u00f6nigreichs Bayern nebst alphabetischem Ortslexikon&#8220;<\/em>, <em>Bayerische Staatsbibliothek<\/em><\/p>\n\n\n\n<p><\/p>\n","protected":false},"excerpt":{"rendered":"<p>Folgende D\u00f6rfer, Weiler und Ein\u00f6den geh\u00f6ren zur ehemaligen Gemeinde Evenhausen: Ort &nbsp; Typ GPS-Koordinaten &nbsp; Evenhausen Pfarrdorf 48.025295,12.288966 &nbsp; &nbsp; Achen Dorf 48.028624,12.279439 &nbsp; &nbsp; Eichleiten Ein\u00f6de 48.019669,12.286134 &nbsp; &nbsp; Englstetten Weiler 48.029944,12.295747 &nbsp; &nbsp; E\u00dfbaum Ein\u00f6de 48.027878,12.281928 &nbsp; &nbsp; Halmanns\u00f6d Ein\u00f6de 48.031623,12.307473 &nbsp; &nbsp; Hohen\u00f6d Weiler 48.029829,12.305360 &nbsp; &nbsp; Lacken Ein\u00f6de 48.032685,12.304362 &nbsp; &nbsp; &hellip; <a href=\"https:\/\/www.evenhausen.de\/?page_id=414\" class=\"more-link\"><span class=\"screen-reader-text\">\u201eD\u00f6rfer, Weiler und Ein\u00f6den\u201c <\/span>weiterlesen<\/a><\/p>\n","protected":false},"author":2,"featured_media":0,"parent":2,"menu_order":0,"comment_status":"open","ping_status":"closed","template":"","meta":{"_themeisle_gutenberg_block_has_review":false,"footnotes":""},"class_list":["post-414","page","type-page","status-publish","hentry"],"_links":{"self":[{"href":"https:\/\/www.evenhausen.de\/index.php?rest_route=\/wp\/v2\/pages\/414","targetHints":{"allow":["GET"]}}],"collection":[{"href":"https:\/\/www.evenhausen.de\/index.php?rest_route=\/wp\/v2\/pages"}],"about":[{"href":"https:\/\/www.evenhausen.de\/index.php?rest_route=\/wp\/v2\/types\/page"}],"author":[{"embeddable":true,"href":"https:\/\/www.evenhausen.de\/index.php?rest_route=\/wp\/v2\/users\/2"}],"replies":[{"embeddable":true,"href":"https:\/\/www.evenhausen.de\/index.php?rest_route=%2Fwp%2Fv2%2Fcomments&post=414"}],"version-history":[{"count":10,"href":"https:\/\/www.evenhausen.de\/index.php?rest_route=\/wp\/v2\/pages\/414\/revisions"}],"predecessor-version":[{"id":1427,"href":"https:\/\/www.evenhausen.de\/index.php?rest_route=\/wp\/v2\/pages\/414\/revisions\/1427"}],"up":[{"embeddable":true,"href":"https:\/\/www.evenhausen.de\/index.php?rest_route=\/wp\/v2\/pages\/2"}],"wp:attachment":[{"href":"https:\/\/www.evenhausen.de\/index.php?rest_route=%2Fwp%2Fv2%2Fmedia&parent=414"}],"curies":[{"name":"wp","href":"https:\/\/api.w.org\/{rel}","templated":true}]}}