{"id":193,"date":"2012-02-09T12:21:18","date_gmt":"2012-02-09T11:21:18","guid":{"rendered":"http:\/\/www.evenhausen.de\/?page_id=193"},"modified":"2026-03-17T14:09:46","modified_gmt":"2026-03-17T13:09:46","slug":"gastronomie","status":"publish","type":"page","link":"https:\/\/www.evenhausen.de\/?page_id=193","title":{"rendered":"Gastst\u00e4tten und Pensionen"},"content":{"rendered":"\n<figure class=\"wp-block-table\"><table class=\"has-background has-fixed-layout\" style=\"background-color:#ffffbf\"><tbody><tr><th>Dorfladen Evenhausen<br>mit Kaffee- und Brotzeitecke<\/th><td>Evenhausen<br>Chiemgaustr. 35<\/td><\/tr><tr><th>\u00d6ffungszeiten<\/th><td>Montag &#8211; Freitag 7:00 Uhr &#8211; 13:00 Uhr<br>und 16:00 Uhr &#8211; 18:00 Uhr (au\u00dfer Mittwochs)<br>Sanstag 7:00 Uhr &#8211; 12:00 Uhr<\/td><\/tr><\/tbody><\/table><\/figure>\n\n\n\n<figure class=\"wp-block-table\"><table class=\"has-background has-fixed-layout\" style=\"background-color:#ffffbf\"><tbody><tr><th>Pension <strong><a href=\"https:\/\/gartlacher-hof.de\/\" target=\"_blank\" rel=\"noreferrer noopener\">Gartlacher Hof<\/a><\/strong><\/th><td>Gartlach 1, Eiselfing<br><em><sup>(ca. 1 km von Evenhausen entfernt)<\/sup><\/em><\/td><\/tr><\/tbody><\/table><\/figure>\n\n\n\n<p>&nbsp;Weitere Einkehr- und \u00dcbernachtungsm\u00f6glichkeiten finden Sie auch in umliegenden Orte und Gemeinden:<\/p>\n\n\n\n<ul class=\"wp-block-list\">\n<li><a href=\"https:\/\/www.amerang.de\/amerang-erleben\/essen-und-trinken\/restaurants-und-gaststaetten\" target=\"_blank\" rel=\"noreferrer noopener\">Einkehren in Amerang<\/a> <\/li>\n\n\n\n<li><a href=\"https:\/\/www.amerang.de\/amerang-erleben\/uebernachten\/gasthoefe-und-pensionen\" target=\"_blank\" rel=\"noreferrer noopener\">\u00dcbernachten in Amerang<\/a><\/li>\n<\/ul>\n\n\n\n<h3 class=\"wp-block-heading\">Gastst\u00e4tten in umliegenden Gemeinden<\/h3>\n\n\n\n<ul class=\"wp-block-list\">\n<li>Gasthaus H\u00f6hensteiger, Eiselfing (\u00dcbernachtung m\u00f6glich)<\/li>\n\n\n\n<li>Gasthaus Lax, Alteiselfing (\u00dcbernachtung m\u00f6glich)<\/li>\n\n\n\n<li>Gasthaus Sanftl, Eiselfing<\/li>\n\n\n\n<li>Gasthaus Schmid, Kerschdorf<\/li>\n<\/ul>\n","protected":false},"excerpt":{"rendered":"<p>Dorfladen Evenhausenmit Kaffee- und Brotzeitecke EvenhausenChiemgaustr. 35 \u00d6ffungszeiten Montag &#8211; Freitag 7:00 Uhr &#8211; 13:00 Uhrund 16:00 Uhr &#8211; 18:00 Uhr (au\u00dfer Mittwochs)Sanstag 7:00 Uhr &#8211; 12:00 Uhr Pension Gartlacher Hof Gartlach 1, Eiselfing(ca. 1 km von Evenhausen entfernt) &nbsp;Weitere Einkehr- und \u00dcbernachtungsm\u00f6glichkeiten finden Sie auch in umliegenden Orte und Gemeinden: Gastst\u00e4tten in umliegenden Gemeinden<\/p>\n","protected":false},"author":26,"featured_media":0,"parent":59,"menu_order":0,"comment_status":"open","ping_status":"closed","template":"","meta":{"_themeisle_gutenberg_block_has_review":false,"footnotes":""},"class_list":["post-193","page","type-page","status-publish","hentry"],"_links":{"self":[{"href":"https:\/\/www.evenhausen.de\/index.php?rest_route=\/wp\/v2\/pages\/193","targetHints":{"allow":["GET"]}}],"collection":[{"href":"https:\/\/www.evenhausen.de\/index.php?rest_route=\/wp\/v2\/pages"}],"about":[{"href":"https:\/\/www.evenhausen.de\/index.php?rest_route=\/wp\/v2\/types\/page"}],"author":[{"embeddable":true,"href":"https:\/\/www.evenhausen.de\/index.php?rest_route=\/wp\/v2\/users\/26"}],"replies":[{"embeddable":true,"href":"https:\/\/www.evenhausen.de\/index.php?rest_route=%2Fwp%2Fv2%2Fcomments&post=193"}],"version-history":[{"count":16,"href":"https:\/\/www.evenhausen.de\/index.php?rest_route=\/wp\/v2\/pages\/193\/revisions"}],"predecessor-version":[{"id":1444,"href":"https:\/\/www.evenhausen.de\/index.php?rest_route=\/wp\/v2\/pages\/193\/revisions\/1444"}],"up":[{"embeddable":true,"href":"https:\/\/www.evenhausen.de\/index.php?rest_route=\/wp\/v2\/pages\/59"}],"wp:attachment":[{"href":"https:\/\/www.evenhausen.de\/index.php?rest_route=%2Fwp%2Fv2%2Fmedia&parent=193"}],"curies":[{"name":"wp","href":"https:\/\/api.w.org\/{rel}","templated":true}]}}