{"id":188,"date":"2012-02-09T12:19:38","date_gmt":"2012-02-09T11:19:38","guid":{"rendered":"http:\/\/www.evenhausen.de\/?page_id=188"},"modified":"2021-04-29T16:14:03","modified_gmt":"2021-04-29T14:14:03","slug":"gewerbe","status":"publish","type":"page","link":"https:\/\/www.evenhausen.de\/?page_id=188","title":{"rendered":"Gewerbeindex"},"content":{"rendered":"\n<figure class=\"wp-block-table is-style-stripes\"><table><tbody><tr><td><a title=\"Dorfladen\" href=\"https:\/\/www.evenhausen.de\/information\/dorfladen\/\">Dorfladen Evenhausen<\/a><\/td><\/tr><tr><td><a href=\"http:\/\/www.fernsehservicestocker.de\/\" target=\"_blank\" rel=\"noopener noreferrer\">Fernsehservice Stocker<\/a>, Osendorf<\/td><\/tr><tr><td><a href=\"http:\/\/www.heizungsanitaer-pelzer.de\/\" target=\"_blank\" rel=\"noopener noreferrer\">Heizung-Installation-Sanit\u00e4r Heribert Pelzer<\/a>, Mais<\/td><\/tr><tr><td><a href=\"http:\/\/www.holzbau-sonnenholzner.de\/\" target=\"_blank\" rel=\"noopener noreferrer\">Holzhausbau Sonnenholzner<\/a>, Pfaffing<\/td><\/tr><tr><td><a href=\"http:\/\/kristinas-haarwelt.de\/\" target=\"_blank\" rel=\"noreferrer noopener\">Kristina&#8217;s Haarwelt<\/a>, Evenhausen<\/td><\/tr><tr><td><a href=\"http:\/\/www.voit-achen.de\/\" target=\"_blank\" rel=\"noopener noreferrer\">Voit Werbetechnik<\/a>, Achen (Beschriftungen und Busfahrten)<\/td><\/tr><tr><td><a href=\"http:\/\/www.raiba-lager-gh.de\/evenhausen.php\" target=\"_blank\" rel=\"noopener noreferrer\">Raiffeisen Lagerhaus Griesst\u00e4tt-Halfing, Standort Evenhausen<\/a><\/td><\/tr><tr><td><a href=\"http:\/\/www.reitanlage-spagl.de\/\" target=\"_blank\" rel=\"noopener noreferrer\">Reitanlage Spagl<\/a>, Evenhausen<\/td><\/tr><tr><td>S\u00e4gewerk und Kunstm\u00fchle Franz Beringer, Achen<\/td><\/tr><tr><td><a href=\"http:\/\/www.schreinerei-oberloher.de\/\" target=\"_blank\" rel=\"noopener noreferrer\">Schreinerei Oberloher<\/a>, Streit<\/td><\/tr><tr><td>Steuerberaterin Waltraud Frank, Evenhausen<\/td><\/tr><tr><td><a href=\"http:\/\/www.wagenhuber-gmbh.de\" target=\"_blank\" rel=\"noopener noreferrer\">Wagenhuber B\u00fcrotechnik GmbH<\/a>, Evenhausen<\/td><\/tr><tr><td>Zimmerei Berger, Streit<\/td><\/tr><\/tbody><\/table><\/figure>\n\n\n\n<p><\/p>\n","protected":false},"excerpt":{"rendered":"<p>Dorfladen Evenhausen Fernsehservice Stocker, Osendorf Heizung-Installation-Sanit\u00e4r Heribert Pelzer, Mais Holzhausbau Sonnenholzner, Pfaffing Kristina&#8217;s Haarwelt, Evenhausen Voit Werbetechnik, Achen (Beschriftungen und Busfahrten) Raiffeisen Lagerhaus Griesst\u00e4tt-Halfing, Standort Evenhausen Reitanlage Spagl, Evenhausen S\u00e4gewerk und Kunstm\u00fchle Franz Beringer, Achen Schreinerei Oberloher, Streit Steuerberaterin Waltraud Frank, Evenhausen Wagenhuber B\u00fcrotechnik GmbH, Evenhausen Zimmerei Berger, Streit<\/p>\n","protected":false},"author":26,"featured_media":0,"parent":0,"menu_order":0,"comment_status":"open","ping_status":"closed","template":"","meta":{"_themeisle_gutenberg_block_has_review":false,"footnotes":""},"class_list":["post-188","page","type-page","status-publish","hentry"],"_links":{"self":[{"href":"https:\/\/www.evenhausen.de\/index.php?rest_route=\/wp\/v2\/pages\/188","targetHints":{"allow":["GET"]}}],"collection":[{"href":"https:\/\/www.evenhausen.de\/index.php?rest_route=\/wp\/v2\/pages"}],"about":[{"href":"https:\/\/www.evenhausen.de\/index.php?rest_route=\/wp\/v2\/types\/page"}],"author":[{"embeddable":true,"href":"https:\/\/www.evenhausen.de\/index.php?rest_route=\/wp\/v2\/users\/26"}],"replies":[{"embeddable":true,"href":"https:\/\/www.evenhausen.de\/index.php?rest_route=%2Fwp%2Fv2%2Fcomments&post=188"}],"version-history":[{"count":34,"href":"https:\/\/www.evenhausen.de\/index.php?rest_route=\/wp\/v2\/pages\/188\/revisions"}],"predecessor-version":[{"id":1305,"href":"https:\/\/www.evenhausen.de\/index.php?rest_route=\/wp\/v2\/pages\/188\/revisions\/1305"}],"wp:attachment":[{"href":"https:\/\/www.evenhausen.de\/index.php?rest_route=%2Fwp%2Fv2%2Fmedia&parent=188"}],"curies":[{"name":"wp","href":"https:\/\/api.w.org\/{rel}","templated":true}]}}